{"id":51,"date":"2026-02-23T23:49:01","date_gmt":"2026-02-23T23:49:01","guid":{"rendered":"https:\/\/alienigenart-publicidad.com\/index.php\/saasbyte-landing-page\/"},"modified":"2026-02-25T02:39:58","modified_gmt":"2026-02-25T02:39:58","slug":"saasbyte-landing-page","status":"publish","type":"page","link":"https:\/\/alienigenart-publicidad.com\/","title":{"rendered":"SaaSByte Landing Page"},"content":{"rendered":"\t\t<div data-elementor-type=\"wp-page\" data-elementor-id=\"51\" class=\"elementor elementor-51\">\n\t\t\t\t\t\t<section class=\"elementor-section elementor-top-section elementor-element elementor-element-2468506 elementor-section-content-middle elementor-reverse-mobile elementor-section-boxed elementor-section-height-default elementor-section-height-default\" data-id=\"2468506\" data-element_type=\"section\" data-e-type=\"section\" id=\"hero_section\">\n\t\t\t\t\t\t<div class=\"elementor-container elementor-column-gap-no\">\n\t\t\t\t\t<div class=\"elementor-column elementor-col-50 elementor-top-column elementor-element elementor-element-8e55cb4\" data-id=\"8e55cb4\" data-element_type=\"column\" data-e-type=\"column\">\n\t\t\t<div class=\"elementor-widget-wrap elementor-element-populated\">\n\t\t\t\t\t\t<div class=\"elementor-element elementor-element-d1ed589 animated-slow elementor-widget__width-initial elementor-invisible elementor-widget elementor-widget-heading\" data-id=\"d1ed589\" data-element_type=\"widget\" data-e-type=\"widget\" data-settings=\"{&quot;_animation&quot;:&quot;fadeIn&quot;}\" data-widget_type=\"heading.default\">\n\t\t\t\t\t<h1 class=\"elementor-heading-title elementor-size-default\">Estrategia, creatividad y alcance sin l\u00edmites.<\/h1>\t\t\t\t<\/div>\n\t\t\t\t\t<\/div>\n\t\t<\/div>\n\t\t\t\t<div class=\"elementor-column elementor-col-50 elementor-top-column elementor-element elementor-element-adc571d\" data-id=\"adc571d\" data-element_type=\"column\" data-e-type=\"column\">\n\t\t\t<div class=\"elementor-widget-wrap elementor-element-populated\">\n\t\t\t\t\t\t<div class=\"elementor-element elementor-element-d9f9112 animated-slow elementor-invisible elementor-widget elementor-widget-image\" data-id=\"d9f9112\" data-element_type=\"widget\" data-e-type=\"widget\" data-settings=\"{&quot;_animation&quot;:&quot;fadeIn&quot;}\" data-widget_type=\"image.default\">\n\t\t\t\t\t\t\t\t\t\t\t\t\t\t\t<img fetchpriority=\"high\" decoding=\"async\" width=\"612\" height=\"408\" src=\"https:\/\/alienigenart-publicidad.com\/wp-content\/uploads\/2026\/02\/alienigenart-removebg-preview.png\" class=\"attachment-full size-full wp-image-70\" alt=\"\" srcset=\"https:\/\/alienigenart-publicidad.com\/wp-content\/uploads\/2026\/02\/alienigenart-removebg-preview.png 612w, https:\/\/alienigenart-publicidad.com\/wp-content\/uploads\/2026\/02\/alienigenart-removebg-preview-300x200.png 300w\" sizes=\"(max-width: 612px) 100vw, 612px\" \/>\t\t\t\t\t\t\t\t\t\t\t\t\t\t\t<\/div>\n\t\t\t\t\t<\/div>\n\t\t<\/div>\n\t\t\t\t\t<\/div>\n\t\t<\/section>\n\t\t<div class=\"elementor-element elementor-element-a5f9466 e-flex e-con-boxed e-con e-parent\" data-id=\"a5f9466\" data-element_type=\"container\" data-e-type=\"container\">\n\t\t\t\t\t<div class=\"e-con-inner\">\n\t\t\t\t<div class=\"elementor-element elementor-element-9b39432 elementor-widget elementor-widget-spacer\" data-id=\"9b39432\" data-element_type=\"widget\" data-e-type=\"widget\" data-widget_type=\"spacer.default\">\n\t\t\t\t\t\t\t<div class=\"elementor-spacer\">\n\t\t\t<div class=\"elementor-spacer-inner\"><\/div>\n\t\t<\/div>\n\t\t\t\t\t\t<\/div>\n\t\t\t\t\t<\/div>\n\t\t\t\t<\/div>\n\t\t<div class=\"elementor-element elementor-element-d831371 e-grid e-con-boxed e-con e-parent\" data-id=\"d831371\" data-element_type=\"container\" data-e-type=\"container\">\n\t\t\t\t\t<div class=\"e-con-inner\">\n\t\t\t\t<div class=\"elementor-element elementor-element-a4983dd elementor-widget elementor-widget-image\" data-id=\"a4983dd\" data-element_type=\"widget\" data-e-type=\"widget\" data-widget_type=\"image.default\">\n\t\t\t\t\t\t\t\t\t\t\t\t\t\t\t<img decoding=\"async\" width=\"310\" height=\"256\" src=\"https:\/\/alienigenart-publicidad.com\/wp-content\/uploads\/2026\/02\/marketing-promotion-concept-megaphone-surrounded-260nw-285285920-removebg-preview-e1771892968390.png\" class=\"attachment-large size-large wp-image-85\" alt=\"\" srcset=\"https:\/\/alienigenart-publicidad.com\/wp-content\/uploads\/2026\/02\/marketing-promotion-concept-megaphone-surrounded-260nw-285285920-removebg-preview-e1771892968390.png 310w, https:\/\/alienigenart-publicidad.com\/wp-content\/uploads\/2026\/02\/marketing-promotion-concept-megaphone-surrounded-260nw-285285920-removebg-preview-e1771892968390-300x248.png 300w\" sizes=\"(max-width: 310px) 100vw, 310px\" \/>\t\t\t\t\t\t\t\t\t\t\t\t\t\t\t<\/div>\n\t\t\t\t<div class=\"elementor-element elementor-element-9a85015 animated-slow elementor-invisible elementor-widget elementor-widget-heading\" data-id=\"9a85015\" data-element_type=\"widget\" data-e-type=\"widget\" data-settings=\"{&quot;_animation&quot;:&quot;fadeIn&quot;,&quot;_animation_delay&quot;:100}\" data-widget_type=\"heading.default\">\n\t\t\t\t\t<h2 class=\"elementor-heading-title elementor-size-default\">\u00bfQu\u00e9 Hacemos?<\/h2>\t\t\t\t<\/div>\n\t\t\t\t\t<\/div>\n\t\t\t\t<\/div>\n\t\t\t\t<section class=\"elementor-section elementor-top-section elementor-element elementor-element-e9e2de4 elementor-section-full_width elementor-section-content-middle elementor-reverse-mobile elementor-section-height-default elementor-section-height-default\" data-id=\"e9e2de4\" data-element_type=\"section\" data-e-type=\"section\" id=\"features_section\">\n\t\t\t\t\t\t<div class=\"elementor-container elementor-column-gap-no\">\n\t\t\t\t\t<div class=\"elementor-column elementor-col-100 elementor-top-column elementor-element elementor-element-3f383e1\" data-id=\"3f383e1\" data-element_type=\"column\" data-e-type=\"column\">\n\t\t\t<div class=\"elementor-widget-wrap elementor-element-populated\">\n\t\t\t\t\t\t<div class=\"elementor-element elementor-element-f9e5b36 elementor-widget__width-initial elementor-absolute elementor-widget elementor-widget-image\" data-id=\"f9e5b36\" data-element_type=\"widget\" data-e-type=\"widget\" data-settings=\"{&quot;_position&quot;:&quot;absolute&quot;}\" data-widget_type=\"image.default\">\n\t\t\t\t\t\t\t\t\t\t\t\t\t\t\t<img decoding=\"async\" width=\"108\" height=\"108\" src=\"https:\/\/alienigenart-publicidad.com\/wp-content\/uploads\/2024\/03\/ec662a31-sl-key-features-layer.png\" class=\"attachment-full size-full wp-image-24\" alt=\"\" srcset=\"https:\/\/alienigenart-publicidad.com\/wp-content\/uploads\/2024\/03\/ec662a31-sl-key-features-layer.png 108w, https:\/\/alienigenart-publicidad.com\/wp-content\/uploads\/2024\/03\/ec662a31-sl-key-features-layer-100x100.png 100w\" sizes=\"(max-width: 108px) 100vw, 108px\" \/>\t\t\t\t\t\t\t\t\t\t\t\t\t\t\t<\/div>\n\t\t\t\t<div class=\"elementor-element elementor-element-e3575cc elementor-widget elementor-widget-heading\" data-id=\"e3575cc\" data-element_type=\"widget\" data-e-type=\"widget\" data-widget_type=\"heading.default\">\n\t\t\t\t\t<h2 class=\"elementor-heading-title elementor-size-default\">Somos  una agencia integral especializada en publicidad, compra de medios, distribuci\u00f3n de material publicitario, marketing directo e investigaci\u00f3n de mercados. Creamos estrategias innovadoras que conectan marcas con sus audiencias, combinando creatividad, an\u00e1lisis y ejecuci\u00f3n estrat\u00e9gica para generar resultados medibles y sostenibles.<\/h2>\t\t\t\t<\/div>\n\t\t\t\t<div class=\"elementor-element elementor-element-c2b4bc8 elementor-widget elementor-widget-spacer\" data-id=\"c2b4bc8\" data-element_type=\"widget\" data-e-type=\"widget\" data-widget_type=\"spacer.default\">\n\t\t\t\t\t\t\t<div class=\"elementor-spacer\">\n\t\t\t<div class=\"elementor-spacer-inner\"><\/div>\n\t\t<\/div>\n\t\t\t\t\t\t<\/div>\n\t\t\t\t<div class=\"elementor-element elementor-element-acde029 elementor-widget elementor-widget-heading\" data-id=\"acde029\" data-element_type=\"widget\" data-e-type=\"widget\" data-widget_type=\"heading.default\">\n\t\t\t\t\t<h2 class=\"elementor-heading-title elementor-size-default\">Servicios<\/h2>\t\t\t\t<\/div>\n\t\t\t\t\t<\/div>\n\t\t<\/div>\n\t\t\t\t\t<\/div>\n\t\t<\/section>\n\t\t\t\t<section class=\"elementor-section elementor-top-section elementor-element elementor-element-46c957b elementor-section-full_width elementor-section-content-middle elementor-reverse-mobile elementor-section-height-default elementor-section-height-default\" data-id=\"46c957b\" data-element_type=\"section\" data-e-type=\"section\" id=\"services_section\">\n\t\t\t\t\t\t<div class=\"elementor-container elementor-column-gap-no\">\n\t\t\t\t\t<div class=\"elementor-column elementor-col-100 elementor-top-column elementor-element elementor-element-7e4326f\" data-id=\"7e4326f\" data-element_type=\"column\" data-e-type=\"column\">\n\t\t\t<div class=\"elementor-widget-wrap elementor-element-populated\">\n\t\t\t\t\t\t<div class=\"elementor-element elementor-element-291c3df animated-slow elementor-widget__width-initial elementor-absolute elementor-invisible elementor-widget elementor-widget-image\" data-id=\"291c3df\" data-element_type=\"widget\" data-e-type=\"widget\" data-settings=\"{&quot;_animation&quot;:&quot;fadeInRight&quot;,&quot;_animation_delay&quot;:700,&quot;_position&quot;:&quot;absolute&quot;}\" data-widget_type=\"image.default\">\n\t\t\t\t\t\t\t\t\t\t\t\t\t\t\t<img loading=\"lazy\" decoding=\"async\" width=\"312\" height=\"385\" src=\"https:\/\/alienigenart-publicidad.com\/wp-content\/uploads\/2024\/03\/bf26e860-sl-shape-layer.png\" class=\"attachment-full size-full wp-image-29\" alt=\"\" srcset=\"https:\/\/alienigenart-publicidad.com\/wp-content\/uploads\/2024\/03\/bf26e860-sl-shape-layer.png 312w, https:\/\/alienigenart-publicidad.com\/wp-content\/uploads\/2024\/03\/bf26e860-sl-shape-layer-243x300.png 243w\" sizes=\"(max-width: 312px) 100vw, 312px\" \/>\t\t\t\t\t\t\t\t\t\t\t\t\t\t\t<\/div>\n\t\t\t\t<section class=\"elementor-section elementor-inner-section elementor-element elementor-element-cffe5a3 elementor-section-boxed elementor-section-height-default elementor-section-height-default\" data-id=\"cffe5a3\" data-element_type=\"section\" data-e-type=\"section\">\n\t\t\t\t\t\t<div class=\"elementor-container elementor-column-gap-default\">\n\t\t\t\t\t<div class=\"elementor-column elementor-col-25 elementor-inner-column elementor-element elementor-element-6a85513\" data-id=\"6a85513\" data-element_type=\"column\" data-e-type=\"column\">\n\t\t\t<div class=\"elementor-widget-wrap elementor-element-populated\">\n\t\t\t\t\t\t<div class=\"elementor-element elementor-element-99ff300 animated-slow eael-infobox-content-align--center elementor-invisible elementor-widget elementor-widget-eael-info-box\" data-id=\"99ff300\" data-element_type=\"widget\" data-e-type=\"widget\" data-settings=\"{&quot;_animation&quot;:&quot;bounceInUp&quot;,&quot;_animation_delay&quot;:200}\" data-widget_type=\"eael-info-box.default\">\n\t\t\t\t\t        <div class=\"eael-infobox icon-on-top\">\n\t            <div class=\"infobox-content\">\n                    <div class=\"infobox-title-section\">\n                <h4 class=\"title\">Estrategia y Gesti\u00f3n Publicitaria Integral<\/h4>            <\/div>\n                    <\/div>\n            <\/div>\n\n\t\t\t\t\t\t<\/div>\n\t\t\t\t\t<\/div>\n\t\t<\/div>\n\t\t\t\t<div class=\"elementor-column elementor-col-25 elementor-inner-column elementor-element elementor-element-c7a1edb\" data-id=\"c7a1edb\" data-element_type=\"column\" data-e-type=\"column\">\n\t\t\t<div class=\"elementor-widget-wrap elementor-element-populated\">\n\t\t\t\t\t\t<div class=\"elementor-element elementor-element-9c08e57 animated-slow eael-infobox-content-align--center elementor-invisible elementor-widget elementor-widget-eael-info-box\" data-id=\"9c08e57\" data-element_type=\"widget\" data-e-type=\"widget\" data-settings=\"{&quot;_animation&quot;:&quot;bounceInUp&quot;,&quot;_animation_delay&quot;:500}\" data-widget_type=\"eael-info-box.default\">\n\t\t\t\t\t        <div class=\"eael-infobox icon-on-top\">\n\t            <div class=\"infobox-content\">\n                    <div class=\"infobox-title-section\">\n                <h4 class=\"title\">Compra y Planificaci\u00f3n de Medios<\/h4>            <\/div>\n                    <\/div>\n            <\/div>\n\n\t\t\t\t\t\t<\/div>\n\t\t\t\t\t<\/div>\n\t\t<\/div>\n\t\t\t\t<div class=\"elementor-column elementor-col-25 elementor-inner-column elementor-element elementor-element-e621b3c\" data-id=\"e621b3c\" data-element_type=\"column\" data-e-type=\"column\">\n\t\t\t<div class=\"elementor-widget-wrap elementor-element-populated\">\n\t\t\t\t\t\t<div class=\"elementor-element elementor-element-f8a6a97 animated-slow eael-infobox-content-align--center elementor-invisible elementor-widget elementor-widget-eael-info-box\" data-id=\"f8a6a97\" data-element_type=\"widget\" data-e-type=\"widget\" data-settings=\"{&quot;_animation&quot;:&quot;bounceInUp&quot;,&quot;_animation_delay&quot;:800}\" data-widget_type=\"eael-info-box.default\">\n\t\t\t\t\t        <div class=\"eael-infobox icon-on-top\">\n\t            <div class=\"infobox-content\">\n                    <div class=\"infobox-title-section\">\n                <h4 class=\"title\">Investigaci\u00f3n de Mercados y An\u00e1lisis Estrat\u00e9gico<\/h4>            <\/div>\n                    <\/div>\n            <\/div>\n\n\t\t\t\t\t\t<\/div>\n\t\t\t\t\t<\/div>\n\t\t<\/div>\n\t\t\t\t<div class=\"elementor-column elementor-col-25 elementor-inner-column elementor-element elementor-element-752a781\" data-id=\"752a781\" data-element_type=\"column\" data-e-type=\"column\">\n\t\t\t<div class=\"elementor-widget-wrap elementor-element-populated\">\n\t\t\t\t\t\t<div class=\"elementor-element elementor-element-a7eed85 animated-slow eael-infobox-content-align--center elementor-invisible elementor-widget elementor-widget-eael-info-box\" data-id=\"a7eed85\" data-element_type=\"widget\" data-e-type=\"widget\" data-settings=\"{&quot;_animation&quot;:&quot;bounceInUp&quot;,&quot;_animation_delay&quot;:1100}\" data-widget_type=\"eael-info-box.default\">\n\t\t\t\t\t        <div class=\"eael-infobox icon-on-top\">\n\t            <div class=\"infobox-content\">\n                    <div class=\"infobox-title-section\">\n                <h4 class=\"title\">Marketing Directo y Activaciones<\/h4>            <\/div>\n                    <\/div>\n            <\/div>\n\n\t\t\t\t\t\t<\/div>\n\t\t\t\t\t<\/div>\n\t\t<\/div>\n\t\t\t\t\t<\/div>\n\t\t<\/section>\n\t\t\t\t\t<\/div>\n\t\t<\/div>\n\t\t\t\t\t<\/div>\n\t\t<\/section>\n\t\t<div class=\"elementor-element elementor-element-2870828 e-flex e-con-boxed e-con e-parent\" data-id=\"2870828\" data-element_type=\"container\" data-e-type=\"container\">\n\t\t\t\t\t<div class=\"e-con-inner\">\n\t\t\t\t<div class=\"elementor-element elementor-element-bd419ef elementor-widget elementor-widget-spacer\" data-id=\"bd419ef\" data-element_type=\"widget\" data-e-type=\"widget\" data-widget_type=\"spacer.default\">\n\t\t\t\t\t\t\t<div class=\"elementor-spacer\">\n\t\t\t<div class=\"elementor-spacer-inner\"><\/div>\n\t\t<\/div>\n\t\t\t\t\t\t<\/div>\n\t\t\t\t\t<\/div>\n\t\t\t\t<\/div>\n\t\t<div class=\"elementor-element elementor-element-a6b4a33 e-flex e-con-boxed e-con e-parent\" data-id=\"a6b4a33\" data-element_type=\"container\" data-e-type=\"container\">\n\t\t\t\t\t<div class=\"e-con-inner\">\n\t\t\t\t\t<\/div>\n\t\t\t\t<\/div>\n\t\t<div class=\"elementor-element elementor-element-0996727 e-flex e-con-boxed e-con e-parent\" data-id=\"0996727\" data-element_type=\"container\" data-e-type=\"container\">\n\t\t\t\t\t<div class=\"e-con-inner\">\n\t\t\t\t<div class=\"elementor-element elementor-element-c032818 elementor-widget-divider--view-line elementor-widget elementor-widget-divider\" data-id=\"c032818\" data-element_type=\"widget\" data-e-type=\"widget\" data-widget_type=\"divider.default\">\n\t\t\t\t\t\t\t<div class=\"elementor-divider\">\n\t\t\t<span class=\"elementor-divider-separator\">\n\t\t\t\t\t\t<\/span>\n\t\t<\/div>\n\t\t\t\t\t\t<\/div>\n\t\t\t\t\t<\/div>\n\t\t\t\t<\/div>\n\t\t\t\t<\/div>\n\t\t","protected":false},"excerpt":{"rendered":"<p>Estrategia, creatividad y alcance sin l\u00edmites. \u00bfQu\u00e9 Hacemos? Somos una agencia integral especializada en publicidad, compra de medios, distribuci\u00f3n de material publicitario, marketing directo e investigaci\u00f3n de mercados. Creamos estrategias innovadoras que conectan marcas con sus audiencias, combinando creatividad, an\u00e1lisis y ejecuci\u00f3n estrat\u00e9gica para generar resultados medibles y sostenibles. Servicios Estrategia y Gesti\u00f3n Publicitaria Integral [&hellip;]<\/p>\n","protected":false},"author":1,"featured_media":0,"parent":0,"menu_order":0,"comment_status":"closed","ping_status":"closed","template":"elementor_header_footer","meta":{"footnotes":""},"class_list":["post-51","page","type-page","status-publish","hentry"],"_links":{"self":[{"href":"https:\/\/alienigenart-publicidad.com\/index.php\/wp-json\/wp\/v2\/pages\/51","targetHints":{"allow":["GET"]}}],"collection":[{"href":"https:\/\/alienigenart-publicidad.com\/index.php\/wp-json\/wp\/v2\/pages"}],"about":[{"href":"https:\/\/alienigenart-publicidad.com\/index.php\/wp-json\/wp\/v2\/types\/page"}],"author":[{"embeddable":true,"href":"https:\/\/alienigenart-publicidad.com\/index.php\/wp-json\/wp\/v2\/users\/1"}],"replies":[{"embeddable":true,"href":"https:\/\/alienigenart-publicidad.com\/index.php\/wp-json\/wp\/v2\/comments?post=51"}],"version-history":[{"count":64,"href":"https:\/\/alienigenart-publicidad.com\/index.php\/wp-json\/wp\/v2\/pages\/51\/revisions"}],"predecessor-version":[{"id":162,"href":"https:\/\/alienigenart-publicidad.com\/index.php\/wp-json\/wp\/v2\/pages\/51\/revisions\/162"}],"wp:attachment":[{"href":"https:\/\/alienigenart-publicidad.com\/index.php\/wp-json\/wp\/v2\/media?parent=51"}],"curies":[{"name":"wp","href":"https:\/\/api.w.org\/{rel}","templated":true}]}}